{"id":830,"date":"2025-02-03T16:45:59","date_gmt":"2025-02-03T15:45:59","guid":{"rendered":"https:\/\/pourkoila.fr\/?page_id=830"},"modified":"2025-02-04T12:34:20","modified_gmt":"2025-02-04T11:34:20","slug":"petitions","status":"publish","type":"page","link":"https:\/\/pourkoila.fr\/?page_id=830","title":{"rendered":"P\u00e9titions"},"content":{"rendered":"\n<p class=\"has-text-align-center has-background has-medium-font-size\" style=\"background-color:#dfa24c\">Nous invitons toutes les personnes qui le souhaitent \u00e0 signer la p\u00e9tition en ligne sur le site change.org.<\/p>\n\n\n\n<div class=\"wp-block-buttons alignwide is-content-justification-center is-layout-flex wp-container-core-buttons-is-layout-a89b3969 wp-block-buttons-is-layout-flex\">\n<div class=\"wp-block-button\"><a class=\"wp-block-button__link wp-element-button\" href=\"https:\/\/www.change.org\/p\/non-a-l-installation-d-une-antenne-relais-telephonique-5g-38924341-4280-47e1-9a93-c7fb8a7c46bc\">P\u00e9tition<\/a><\/div>\n<\/div>\n\n\n\n<div style=\"height:100px\" aria-hidden=\"true\" class=\"wp-block-spacer\"><\/div>\n\n\n\n<p class=\"has-text-align-center has-pale-cyan-blue-background-color has-background\">Une p\u00e9tition papier circule aussi dans la commune. Elle est aussi pr\u00e9sente chez certains commer\u00e7ants.<\/p>\n\n\n\n<p><\/p>\n\n\n\n<p><\/p>\n","protected":false},"excerpt":{"rendered":"<p>Nous invitons toutes les personnes qui le souhaitent \u00e0 signer la p\u00e9tition en ligne sur le site change.org. Une p\u00e9tition papier circule aussi dans la commune. Elle est aussi pr\u00e9sente chez certains commer\u00e7ants.<\/p>\n","protected":false},"author":1,"featured_media":0,"parent":0,"menu_order":0,"comment_status":"closed","ping_status":"closed","template":"","meta":{"footnotes":""},"class_list":["post-830","page","type-page","status-publish","hentry"],"blocksy_meta":[],"aioseo_notices":[],"_links":{"self":[{"href":"https:\/\/pourkoila.fr\/index.php?rest_route=\/wp\/v2\/pages\/830","targetHints":{"allow":["GET"]}}],"collection":[{"href":"https:\/\/pourkoila.fr\/index.php?rest_route=\/wp\/v2\/pages"}],"about":[{"href":"https:\/\/pourkoila.fr\/index.php?rest_route=\/wp\/v2\/types\/page"}],"author":[{"embeddable":true,"href":"https:\/\/pourkoila.fr\/index.php?rest_route=\/wp\/v2\/users\/1"}],"replies":[{"embeddable":true,"href":"https:\/\/pourkoila.fr\/index.php?rest_route=%2Fwp%2Fv2%2Fcomments&post=830"}],"version-history":[{"count":3,"href":"https:\/\/pourkoila.fr\/index.php?rest_route=\/wp\/v2\/pages\/830\/revisions"}],"predecessor-version":[{"id":909,"href":"https:\/\/pourkoila.fr\/index.php?rest_route=\/wp\/v2\/pages\/830\/revisions\/909"}],"wp:attachment":[{"href":"https:\/\/pourkoila.fr\/index.php?rest_route=%2Fwp%2Fv2%2Fmedia&parent=830"}],"curies":[{"name":"wp","href":"https:\/\/api.w.org\/{rel}","templated":true}]}}