{"id":826,"date":"2025-02-03T16:43:29","date_gmt":"2025-02-03T15:43:29","guid":{"rendered":"https:\/\/pourkoila.fr\/?page_id=826"},"modified":"2025-04-05T11:33:18","modified_gmt":"2025-04-05T09:33:18","slug":"sites-utiles","status":"publish","type":"page","link":"https:\/\/pourkoila.fr\/?page_id=826","title":{"rendered":"Sites utiles"},"content":{"rendered":"\n<div class=\"wp-block-columns is-layout-flex wp-container-core-columns-is-layout-28f84493 wp-block-columns-is-layout-flex\">\n<div class=\"wp-block-column has-background is-layout-flow wp-block-column-is-layout-flow\" style=\"background-color:#f0dede;padding-top:var(--wp--preset--spacing--20);padding-right:var(--wp--preset--spacing--40);padding-bottom:var(--wp--preset--spacing--20);padding-left:var(--wp--preset--spacing--40)\">\n<p class=\"has-large-font-size\">Sources \u00e0 consulter&nbsp;:<\/p>\n\n\n\n<p class=\"has-medium-font-size\" style=\"border-radius:15px\">carte pour visualiser toute les antennes sur le territoire national&nbsp;:<\/p>\n\n\n\n<p class=\"has-medium-font-size\"><a href=\"https:\/\/www.cartoradio.fr\/#\/cartographie\/lonlat\/6.716419\/48.003459\">https:\/\/www.cartoradio.fr\/#\/cartographie\/lonlat\/6.716419\/48.003459<\/a><\/p>\n\n\n\n<p class=\"has-medium-font-size\">Question au s\u00e9nat sur la mutualisation entre op\u00e9rateurs des antennes-relais de t\u00e9l\u00e9phonie&nbsp;:<\/p>\n\n\n\n<p class=\"has-medium-font-size\"><a href=\"https:\/\/www.senat.fr\/questions\/base\/2024\/qSEQ24031180S.html\">https:\/\/www.senat.fr\/questions\/base\/2024\/qSEQ24031180S.html<\/a><\/p>\n\n\n\n<p class=\"has-medium-font-size\">G\u00e9o Avocats publie son guide \u00ab Antennes relais \u00bb 2022&nbsp;:<\/p>\n\n\n\n<figure class=\"wp-block-embed is-type-wp-embed is-provider-les-actualit-s-du-cabinet wp-block-embed-les-actualit-s-du-cabinet\"><div class=\"wp-block-embed__wrapper\">\n<blockquote class=\"wp-embedded-content\" data-secret=\"cvienodYgB\"><a href=\"https:\/\/actualites.geo-avocats.com\/geo-avocats-publie-son-guide-antennes-relais-2022\/\">G\u00e9o Avocats publie son guide \u00ab\u00a0Antennes relais\u00a0\u00bb 2022<\/a><\/blockquote><iframe loading=\"lazy\" class=\"wp-embedded-content\" sandbox=\"allow-scripts\" security=\"restricted\" style=\"position: absolute; visibility: hidden;\" title=\"\u00ab\u00a0G\u00e9o Avocats publie son guide \u00ab\u00a0Antennes relais\u00a0\u00bb 2022\u00a0\u00bb &#8212; Les actualit\u00e9s du cabinet\" src=\"https:\/\/actualites.geo-avocats.com\/geo-avocats-publie-son-guide-antennes-relais-2022\/embed\/#?secret=zQC6sXsf3h#?secret=cvienodYgB\" data-secret=\"cvienodYgB\" width=\"600\" height=\"338\" frameborder=\"0\" marginwidth=\"0\" marginheight=\"0\" scrolling=\"no\"><\/iframe>\n<\/div><\/figure>\n<\/div>\n<\/div>\n\n\n\n<div style=\"height:30px\" aria-hidden=\"true\" class=\"wp-block-spacer\"><\/div>\n\n\n\n<div class=\"wp-block-columns is-layout-flex wp-container-core-columns-is-layout-28f84493 wp-block-columns-is-layout-flex\">\n<div class=\"wp-block-column is-layout-flow wp-block-column-is-layout-flow\">\n<p class=\"has-background\" style=\"background-color:#d9c5eb;font-size:clamp(15.747px, 0.984rem + ((1vw - 3.2px) * 0.645), 24px);\">Code des postes et des communications \u00e9lectroniques&nbsp;:&nbsp;<br><a href=\"https:\/\/www.arcep.fr\/la-regulation\/grands-dossiers-reseaux-mobiles\/le-partage-de-reseaux-mobiles.html\">https:\/\/www.arcep.fr\/la-regulation\/grands-dossiers-reseaux-mobiles\/le-partage-de-reseaux-mobiles.html<\/a><\/p>\n<\/div>\n<\/div>\n\n\n\n<div style=\"height:30px\" aria-hidden=\"true\" class=\"wp-block-spacer\"><\/div>\n\n\n\n<p class=\"has-text-align-left has-palette-color-5-background-color has-background\" style=\"font-size:clamp(15.747px, 0.984rem + ((1vw - 3.2px) * 0.645), 24px);\">Robin des toits<br><a href=\"https:\/\/www.robindestoits.org\">https:\/\/www.robindestoits.org<\/a><\/p>\n\n\n\n<p><\/p>\n","protected":false},"excerpt":{"rendered":"<p>Sources \u00e0 consulter&nbsp;: carte pour visualiser toute les antennes sur le territoire national&nbsp;: https:\/\/www.cartoradio.fr\/#\/cartographie\/lonlat\/6.716419\/48.003459 Question au s\u00e9nat sur la mutualisation entre op\u00e9rateurs des antennes-relais de t\u00e9l\u00e9phonie&nbsp;: https:\/\/www.senat.fr\/questions\/base\/2024\/qSEQ24031180S.html G\u00e9o Avocats publie son guide \u00ab Antennes relais \u00bb 2022&nbsp;: Code des postes et des communications \u00e9lectroniques&nbsp;:&nbsp;https:\/\/www.arcep.fr\/la-regulation\/grands-dossiers-reseaux-mobiles\/le-partage-de-reseaux-mobiles.html Robin des toitshttps:\/\/www.robindestoits.org<\/p>\n","protected":false},"author":1,"featured_media":0,"parent":0,"menu_order":0,"comment_status":"closed","ping_status":"closed","template":"","meta":{"footnotes":""},"class_list":["post-826","page","type-page","status-publish","hentry"],"blocksy_meta":[],"aioseo_notices":[],"_links":{"self":[{"href":"https:\/\/pourkoila.fr\/index.php?rest_route=\/wp\/v2\/pages\/826","targetHints":{"allow":["GET"]}}],"collection":[{"href":"https:\/\/pourkoila.fr\/index.php?rest_route=\/wp\/v2\/pages"}],"about":[{"href":"https:\/\/pourkoila.fr\/index.php?rest_route=\/wp\/v2\/types\/page"}],"author":[{"embeddable":true,"href":"https:\/\/pourkoila.fr\/index.php?rest_route=\/wp\/v2\/users\/1"}],"replies":[{"embeddable":true,"href":"https:\/\/pourkoila.fr\/index.php?rest_route=%2Fwp%2Fv2%2Fcomments&post=826"}],"version-history":[{"count":3,"href":"https:\/\/pourkoila.fr\/index.php?rest_route=\/wp\/v2\/pages\/826\/revisions"}],"predecessor-version":[{"id":1240,"href":"https:\/\/pourkoila.fr\/index.php?rest_route=\/wp\/v2\/pages\/826\/revisions\/1240"}],"wp:attachment":[{"href":"https:\/\/pourkoila.fr\/index.php?rest_route=%2Fwp%2Fv2%2Fmedia&parent=826"}],"curies":[{"name":"wp","href":"https:\/\/api.w.org\/{rel}","templated":true}]}}