{"id":1102,"date":"2025-03-03T17:54:34","date_gmt":"2025-03-03T16:54:34","guid":{"rendered":"https:\/\/pourkoila.fr\/?page_id=1102"},"modified":"2025-03-03T17:54:34","modified_gmt":"2025-03-03T16:54:34","slug":"arretes-dopposition","status":"publish","type":"page","link":"https:\/\/pourkoila.fr\/?page_id=1102","title":{"rendered":"Arr\u00eat\u00e9s d&rsquo;opposition"},"content":{"rendered":"\n<p class=\"has-background has-medium-font-size\" style=\"border-radius:20px;background-color:#f2f2e5\">Voici le texte int\u00e9gral des 2 arr\u00eat\u00e9s d&rsquo;opposition que la commune nous a fourni contre l&rsquo;implantation de l&rsquo;antenne relais dans le bois Abeck :<\/p>\n\n\n\n<div class=\"wp-block-columns is-layout-flex wp-container-core-columns-is-layout-28f84493 wp-block-columns-is-layout-flex\">\n<div class=\"wp-block-column has-pale-cyan-blue-background-color has-background is-layout-flow wp-block-column-is-layout-flow\" style=\"padding-top:var(--wp--preset--spacing--30);padding-right:var(--wp--preset--spacing--30);padding-bottom:var(--wp--preset--spacing--30);padding-left:var(--wp--preset--spacing--30)\">\n<figure data-wp-context=\"{&quot;imageId&quot;:&quot;6a00734ef0339&quot;}\" data-wp-interactive=\"core\/image\" data-wp-key=\"6a00734ef0339\" class=\"wp-block-image size-large wp-lightbox-container\"><img loading=\"lazy\" decoding=\"async\" width=\"714\" height=\"1024\" data-wp-class--hide=\"state.isContentHidden\" data-wp-class--show=\"state.isContentVisible\" data-wp-init=\"callbacks.setButtonStyles\" data-wp-on--click=\"actions.showLightbox\" data-wp-on--load=\"callbacks.setButtonStyles\" data-wp-on-window--resize=\"callbacks.setButtonStyles\" src=\"https:\/\/pourkoila.fr\/wp-content\/uploads\/2025\/03\/Arrete1-714x1024.jpg\" alt=\"\" class=\"wp-image-1092\" srcset=\"https:\/\/pourkoila.fr\/wp-content\/uploads\/2025\/03\/Arrete1-714x1024.jpg 714w, https:\/\/pourkoila.fr\/wp-content\/uploads\/2025\/03\/Arrete1-209x300.jpg 209w, https:\/\/pourkoila.fr\/wp-content\/uploads\/2025\/03\/Arrete1-768x1101.jpg 768w, https:\/\/pourkoila.fr\/wp-content\/uploads\/2025\/03\/Arrete1-1072x1536.jpg 1072w, https:\/\/pourkoila.fr\/wp-content\/uploads\/2025\/03\/Arrete1-1429x2048.jpg 1429w, https:\/\/pourkoila.fr\/wp-content\/uploads\/2025\/03\/Arrete1-scaled.jpg 1786w\" sizes=\"auto, (max-width: 714px) 100vw, 714px\" \/><button\n\t\t\tclass=\"lightbox-trigger\"\n\t\t\ttype=\"button\"\n\t\t\taria-haspopup=\"dialog\"\n\t\t\taria-label=\"Agrandir\"\n\t\t\tdata-wp-init=\"callbacks.initTriggerButton\"\n\t\t\tdata-wp-on--click=\"actions.showLightbox\"\n\t\t\tdata-wp-style--right=\"state.imageButtonRight\"\n\t\t\tdata-wp-style--top=\"state.imageButtonTop\"\n\t\t>\n\t\t\t<svg xmlns=\"http:\/\/www.w3.org\/2000\/svg\" width=\"12\" height=\"12\" fill=\"none\" viewBox=\"0 0 12 12\">\n\t\t\t\t<path fill=\"#fff\" d=\"M2 0a2 2 0 0 0-2 2v2h1.5V2a.5.5 0 0 1 .5-.5h2V0H2Zm2 10.5H2a.5.5 0 0 1-.5-.5V8H0v2a2 2 0 0 0 2 2h2v-1.5ZM8 12v-1.5h2a.5.5 0 0 0 .5-.5V8H12v2a2 2 0 0 1-2 2H8Zm2-12a2 2 0 0 1 2 2v2h-1.5V2a.5.5 0 0 0-.5-.5H8V0h2Z\" \/>\n\t\t\t<\/svg>\n\t\t<\/button><\/figure>\n\n\n\n<figure data-wp-context=\"{&quot;imageId&quot;:&quot;6a00734ef06e4&quot;}\" data-wp-interactive=\"core\/image\" data-wp-key=\"6a00734ef06e4\" class=\"wp-block-image size-large wp-lightbox-container\"><img loading=\"lazy\" decoding=\"async\" width=\"716\" height=\"1024\" data-wp-class--hide=\"state.isContentHidden\" data-wp-class--show=\"state.isContentVisible\" data-wp-init=\"callbacks.setButtonStyles\" data-wp-on--click=\"actions.showLightbox\" data-wp-on--load=\"callbacks.setButtonStyles\" data-wp-on-window--resize=\"callbacks.setButtonStyles\" src=\"https:\/\/pourkoila.fr\/wp-content\/uploads\/2025\/03\/Arrete2-716x1024.jpg\" alt=\"\" class=\"wp-image-1093\" srcset=\"https:\/\/pourkoila.fr\/wp-content\/uploads\/2025\/03\/Arrete2-716x1024.jpg 716w, https:\/\/pourkoila.fr\/wp-content\/uploads\/2025\/03\/Arrete2-210x300.jpg 210w, https:\/\/pourkoila.fr\/wp-content\/uploads\/2025\/03\/Arrete2-768x1098.jpg 768w, https:\/\/pourkoila.fr\/wp-content\/uploads\/2025\/03\/Arrete2-1074x1536.jpg 1074w, https:\/\/pourkoila.fr\/wp-content\/uploads\/2025\/03\/Arrete2-1432x2048.jpg 1432w, https:\/\/pourkoila.fr\/wp-content\/uploads\/2025\/03\/Arrete2-scaled.jpg 1790w\" sizes=\"auto, (max-width: 716px) 100vw, 716px\" \/><button\n\t\t\tclass=\"lightbox-trigger\"\n\t\t\ttype=\"button\"\n\t\t\taria-haspopup=\"dialog\"\n\t\t\taria-label=\"Agrandir\"\n\t\t\tdata-wp-init=\"callbacks.initTriggerButton\"\n\t\t\tdata-wp-on--click=\"actions.showLightbox\"\n\t\t\tdata-wp-style--right=\"state.imageButtonRight\"\n\t\t\tdata-wp-style--top=\"state.imageButtonTop\"\n\t\t>\n\t\t\t<svg xmlns=\"http:\/\/www.w3.org\/2000\/svg\" width=\"12\" height=\"12\" fill=\"none\" viewBox=\"0 0 12 12\">\n\t\t\t\t<path fill=\"#fff\" d=\"M2 0a2 2 0 0 0-2 2v2h1.5V2a.5.5 0 0 1 .5-.5h2V0H2Zm2 10.5H2a.5.5 0 0 1-.5-.5V8H0v2a2 2 0 0 0 2 2h2v-1.5ZM8 12v-1.5h2a.5.5 0 0 0 .5-.5V8H12v2a2 2 0 0 1-2 2H8Zm2-12a2 2 0 0 1 2 2v2h-1.5V2a.5.5 0 0 0-.5-.5H8V0h2Z\" \/>\n\t\t\t<\/svg>\n\t\t<\/button><\/figure>\n<\/div>\n\n\n\n<div class=\"wp-block-column has-luminous-vivid-amber-background-color has-background is-layout-flow wp-block-column-is-layout-flow\" style=\"padding-top:var(--wp--preset--spacing--30);padding-right:var(--wp--preset--spacing--30);padding-bottom:var(--wp--preset--spacing--30);padding-left:var(--wp--preset--spacing--30)\">\n<figure data-wp-context=\"{&quot;imageId&quot;:&quot;6a00734ef12c4&quot;}\" data-wp-interactive=\"core\/image\" data-wp-key=\"6a00734ef12c4\" class=\"wp-block-image size-large wp-lightbox-container\"><img loading=\"lazy\" decoding=\"async\" width=\"715\" height=\"1024\" data-wp-class--hide=\"state.isContentHidden\" data-wp-class--show=\"state.isContentVisible\" data-wp-init=\"callbacks.setButtonStyles\" data-wp-on--click=\"actions.showLightbox\" data-wp-on--load=\"callbacks.setButtonStyles\" data-wp-on-window--resize=\"callbacks.setButtonStyles\" src=\"https:\/\/pourkoila.fr\/wp-content\/uploads\/2025\/03\/Arrete3-715x1024.jpg\" alt=\"\" class=\"wp-image-1094\" srcset=\"https:\/\/pourkoila.fr\/wp-content\/uploads\/2025\/03\/Arrete3-715x1024.jpg 715w, https:\/\/pourkoila.fr\/wp-content\/uploads\/2025\/03\/Arrete3-210x300.jpg 210w, https:\/\/pourkoila.fr\/wp-content\/uploads\/2025\/03\/Arrete3-768x1100.jpg 768w, https:\/\/pourkoila.fr\/wp-content\/uploads\/2025\/03\/Arrete3-1073x1536.jpg 1073w, https:\/\/pourkoila.fr\/wp-content\/uploads\/2025\/03\/Arrete3-1430x2048.jpg 1430w, https:\/\/pourkoila.fr\/wp-content\/uploads\/2025\/03\/Arrete3-scaled.jpg 1788w\" sizes=\"auto, (max-width: 715px) 100vw, 715px\" \/><button\n\t\t\tclass=\"lightbox-trigger\"\n\t\t\ttype=\"button\"\n\t\t\taria-haspopup=\"dialog\"\n\t\t\taria-label=\"Agrandir\"\n\t\t\tdata-wp-init=\"callbacks.initTriggerButton\"\n\t\t\tdata-wp-on--click=\"actions.showLightbox\"\n\t\t\tdata-wp-style--right=\"state.imageButtonRight\"\n\t\t\tdata-wp-style--top=\"state.imageButtonTop\"\n\t\t>\n\t\t\t<svg xmlns=\"http:\/\/www.w3.org\/2000\/svg\" width=\"12\" height=\"12\" fill=\"none\" viewBox=\"0 0 12 12\">\n\t\t\t\t<path fill=\"#fff\" d=\"M2 0a2 2 0 0 0-2 2v2h1.5V2a.5.5 0 0 1 .5-.5h2V0H2Zm2 10.5H2a.5.5 0 0 1-.5-.5V8H0v2a2 2 0 0 0 2 2h2v-1.5ZM8 12v-1.5h2a.5.5 0 0 0 .5-.5V8H12v2a2 2 0 0 1-2 2H8Zm2-12a2 2 0 0 1 2 2v2h-1.5V2a.5.5 0 0 0-.5-.5H8V0h2Z\" \/>\n\t\t\t<\/svg>\n\t\t<\/button><\/figure>\n\n\n\n<figure data-wp-context=\"{&quot;imageId&quot;:&quot;6a00734ef15f3&quot;}\" data-wp-interactive=\"core\/image\" data-wp-key=\"6a00734ef15f3\" class=\"wp-block-image size-large wp-lightbox-container\"><img loading=\"lazy\" decoding=\"async\" width=\"722\" height=\"1024\" data-wp-class--hide=\"state.isContentHidden\" data-wp-class--show=\"state.isContentVisible\" data-wp-init=\"callbacks.setButtonStyles\" data-wp-on--click=\"actions.showLightbox\" data-wp-on--load=\"callbacks.setButtonStyles\" data-wp-on-window--resize=\"callbacks.setButtonStyles\" src=\"https:\/\/pourkoila.fr\/wp-content\/uploads\/2025\/03\/Arrete4-722x1024.jpg\" alt=\"\" class=\"wp-image-1095\" srcset=\"https:\/\/pourkoila.fr\/wp-content\/uploads\/2025\/03\/Arrete4-722x1024.jpg 722w, https:\/\/pourkoila.fr\/wp-content\/uploads\/2025\/03\/Arrete4-212x300.jpg 212w, https:\/\/pourkoila.fr\/wp-content\/uploads\/2025\/03\/Arrete4-768x1089.jpg 768w, https:\/\/pourkoila.fr\/wp-content\/uploads\/2025\/03\/Arrete4-1084x1536.jpg 1084w, https:\/\/pourkoila.fr\/wp-content\/uploads\/2025\/03\/Arrete4-1445x2048.jpg 1445w, https:\/\/pourkoila.fr\/wp-content\/uploads\/2025\/03\/Arrete4-scaled.jpg 1806w\" sizes=\"auto, (max-width: 722px) 100vw, 722px\" \/><button\n\t\t\tclass=\"lightbox-trigger\"\n\t\t\ttype=\"button\"\n\t\t\taria-haspopup=\"dialog\"\n\t\t\taria-label=\"Agrandir\"\n\t\t\tdata-wp-init=\"callbacks.initTriggerButton\"\n\t\t\tdata-wp-on--click=\"actions.showLightbox\"\n\t\t\tdata-wp-style--right=\"state.imageButtonRight\"\n\t\t\tdata-wp-style--top=\"state.imageButtonTop\"\n\t\t>\n\t\t\t<svg xmlns=\"http:\/\/www.w3.org\/2000\/svg\" width=\"12\" height=\"12\" fill=\"none\" viewBox=\"0 0 12 12\">\n\t\t\t\t<path fill=\"#fff\" d=\"M2 0a2 2 0 0 0-2 2v2h1.5V2a.5.5 0 0 1 .5-.5h2V0H2Zm2 10.5H2a.5.5 0 0 1-.5-.5V8H0v2a2 2 0 0 0 2 2h2v-1.5ZM8 12v-1.5h2a.5.5 0 0 0 .5-.5V8H12v2a2 2 0 0 1-2 2H8Zm2-12a2 2 0 0 1 2 2v2h-1.5V2a.5.5 0 0 0-.5-.5H8V0h2Z\" \/>\n\t\t\t<\/svg>\n\t\t<\/button><\/figure>\n<\/div>\n\n\n\n<div class=\"wp-block-column has-luminous-vivid-amber-background-color has-background is-layout-flow wp-block-column-is-layout-flow\" style=\"padding-top:var(--wp--preset--spacing--30);padding-right:var(--wp--preset--spacing--30);padding-bottom:var(--wp--preset--spacing--30);padding-left:var(--wp--preset--spacing--30)\">\n<figure data-wp-context=\"{&quot;imageId&quot;:&quot;6a00734ef198f&quot;}\" data-wp-interactive=\"core\/image\" data-wp-key=\"6a00734ef198f\" class=\"wp-block-image size-large wp-lightbox-container\"><img loading=\"lazy\" decoding=\"async\" width=\"701\" height=\"1024\" data-wp-class--hide=\"state.isContentHidden\" data-wp-class--show=\"state.isContentVisible\" data-wp-init=\"callbacks.setButtonStyles\" data-wp-on--click=\"actions.showLightbox\" data-wp-on--load=\"callbacks.setButtonStyles\" data-wp-on-window--resize=\"callbacks.setButtonStyles\" src=\"https:\/\/pourkoila.fr\/wp-content\/uploads\/2025\/03\/Arrete5-701x1024.jpg\" alt=\"\" class=\"wp-image-1096\" srcset=\"https:\/\/pourkoila.fr\/wp-content\/uploads\/2025\/03\/Arrete5-701x1024.jpg 701w, https:\/\/pourkoila.fr\/wp-content\/uploads\/2025\/03\/Arrete5-205x300.jpg 205w, https:\/\/pourkoila.fr\/wp-content\/uploads\/2025\/03\/Arrete5-768x1121.jpg 768w, https:\/\/pourkoila.fr\/wp-content\/uploads\/2025\/03\/Arrete5-1052x1536.jpg 1052w, https:\/\/pourkoila.fr\/wp-content\/uploads\/2025\/03\/Arrete5-1403x2048.jpg 1403w, https:\/\/pourkoila.fr\/wp-content\/uploads\/2025\/03\/Arrete5-scaled.jpg 1753w\" sizes=\"auto, (max-width: 701px) 100vw, 701px\" \/><button\n\t\t\tclass=\"lightbox-trigger\"\n\t\t\ttype=\"button\"\n\t\t\taria-haspopup=\"dialog\"\n\t\t\taria-label=\"Agrandir\"\n\t\t\tdata-wp-init=\"callbacks.initTriggerButton\"\n\t\t\tdata-wp-on--click=\"actions.showLightbox\"\n\t\t\tdata-wp-style--right=\"state.imageButtonRight\"\n\t\t\tdata-wp-style--top=\"state.imageButtonTop\"\n\t\t>\n\t\t\t<svg xmlns=\"http:\/\/www.w3.org\/2000\/svg\" width=\"12\" height=\"12\" fill=\"none\" viewBox=\"0 0 12 12\">\n\t\t\t\t<path fill=\"#fff\" d=\"M2 0a2 2 0 0 0-2 2v2h1.5V2a.5.5 0 0 1 .5-.5h2V0H2Zm2 10.5H2a.5.5 0 0 1-.5-.5V8H0v2a2 2 0 0 0 2 2h2v-1.5ZM8 12v-1.5h2a.5.5 0 0 0 .5-.5V8H12v2a2 2 0 0 1-2 2H8Zm2-12a2 2 0 0 1 2 2v2h-1.5V2a.5.5 0 0 0-.5-.5H8V0h2Z\" \/>\n\t\t\t<\/svg>\n\t\t<\/button><\/figure>\n<\/div>\n<\/div>\n","protected":false},"excerpt":{"rendered":"<p>Voici le texte int\u00e9gral des 2 arr\u00eat\u00e9s d&rsquo;opposition que la commune nous a fourni contre l&rsquo;implantation de l&rsquo;antenne relais dans le bois Abeck :<\/p>\n","protected":false},"author":1,"featured_media":0,"parent":0,"menu_order":0,"comment_status":"closed","ping_status":"closed","template":"","meta":{"footnotes":""},"class_list":["post-1102","page","type-page","status-publish","hentry"],"blocksy_meta":[],"aioseo_notices":[],"_links":{"self":[{"href":"https:\/\/pourkoila.fr\/index.php?rest_route=\/wp\/v2\/pages\/1102","targetHints":{"allow":["GET"]}}],"collection":[{"href":"https:\/\/pourkoila.fr\/index.php?rest_route=\/wp\/v2\/pages"}],"about":[{"href":"https:\/\/pourkoila.fr\/index.php?rest_route=\/wp\/v2\/types\/page"}],"author":[{"embeddable":true,"href":"https:\/\/pourkoila.fr\/index.php?rest_route=\/wp\/v2\/users\/1"}],"replies":[{"embeddable":true,"href":"https:\/\/pourkoila.fr\/index.php?rest_route=%2Fwp%2Fv2%2Fcomments&post=1102"}],"version-history":[{"count":1,"href":"https:\/\/pourkoila.fr\/index.php?rest_route=\/wp\/v2\/pages\/1102\/revisions"}],"predecessor-version":[{"id":1103,"href":"https:\/\/pourkoila.fr\/index.php?rest_route=\/wp\/v2\/pages\/1102\/revisions\/1103"}],"wp:attachment":[{"href":"https:\/\/pourkoila.fr\/index.php?rest_route=%2Fwp%2Fv2%2Fmedia&parent=1102"}],"curies":[{"name":"wp","href":"https:\/\/api.w.org\/{rel}","templated":true}]}}